{"id":15505,"date":"2025-06-02T00:05:34","date_gmt":"2025-06-01T22:05:34","guid":{"rendered":"https:\/\/test16.wptotem.com\/produit\/veste-ski-de-fond-pursuit-thermal\/"},"modified":"2025-06-02T00:05:43","modified_gmt":"2025-06-01T22:05:43","slug":"veste-ski-de-fond-pursuit-thermal","status":"publish","type":"product","link":"https:\/\/test16.wptotem.com\/fr\/produit\/veste-ski-de-fond-pursuit-thermal\/","title":{"rendered":"Veste ski de fond PURSUIT THERMAL"},"content":{"rendered":"<p>. Matelassage l\u00e9ger sur le haut du corps devant pour plus de chaleur et de confort<br \/>\n.Capuche ajustable matelass\u00e9e &amp; protectrice pour plus de chaleur et de confort<br \/>\n.Mati\u00e8re 3L respirante sur le bas devant, les manches &amp; dans le dos<br \/>\n.Poches zipp\u00e9es sur les c\u00f4t\u00e9s<br \/>\n.C\u00f4tes \u00e9lastiques sur le bas pour un ajustement parfait<br \/>\n.Manches raglan pour une libert\u00e9 totale de mouvement<\/p>","protected":false},"excerpt":{"rendered":"<p>. Matelassage l\u00e9ger sur le haut du corps devant pour plus de chaleur et de confort<br \/>\n.Capuche ajustable matelass\u00e9e &amp; protectrice pour plus de chaleur et de confo<\/p>","protected":false},"featured_media":15506,"comment_status":"open","ping_status":"closed","template":"","meta":{"site-sidebar-layout":"default","site-content-layout":"","ast-site-content-layout":"default","site-content-style":"default","site-sidebar-style":"default","ast-global-header-display":"","ast-banner-title-visibility":"","ast-main-header-display":"","ast-hfb-above-header-display":"","ast-hfb-below-header-display":"","ast-hfb-mobile-header-display":"","site-post-title":"","ast-breadcrumbs-content":"","ast-featured-img":"","footer-sml-layout":"","ast-disable-related-posts":"","theme-transparent-header-meta":"","adv-header-id-meta":"","stick-header-meta":"","header-above-stick-meta":"","header-main-stick-meta":"","header-below-stick-meta":"","astra-migrate-meta-layouts":"default","ast-page-background-enabled":"default","ast-page-background-meta":{"desktop":{"background-color":"var(--ast-global-color-5)","background-image":"","background-repeat":"repeat","background-position":"center center","background-size":"auto","background-attachment":"scroll","background-type":"","background-media":"","overlay-type":"","overlay-color":"","overlay-opacity":"","overlay-gradient":""},"tablet":{"background-color":"","background-image":"","background-repeat":"repeat","background-position":"center center","background-size":"auto","background-attachment":"scroll","background-type":"","background-media":"","overlay-type":"","overlay-color":"","overlay-opacity":"","overlay-gradient":""},"mobile":{"background-color":"","background-image":"","background-repeat":"repeat","background-position":"center center","background-size":"auto","background-attachment":"scroll","background-type":"","background-media":"","overlay-type":"","overlay-color":"","overlay-opacity":"","overlay-gradient":""}},"ast-content-background-meta":{"desktop":{"background-color":"var(--ast-global-color-4)","background-image":"","background-repeat":"repeat","background-position":"center center","background-size":"auto","background-attachment":"scroll","background-type":"","background-media":"","overlay-type":"","overlay-color":"","overlay-opacity":"","overlay-gradient":""},"tablet":{"background-color":"var(--ast-global-color-4)","background-image":"","background-repeat":"repeat","background-position":"center center","background-size":"auto","background-attachment":"scroll","background-type":"","background-media":"","overlay-type":"","overlay-color":"","overlay-opacity":"","overlay-gradient":""},"mobile":{"background-color":"var(--ast-global-color-4)","background-image":"","background-repeat":"repeat","background-position":"center center","background-size":"auto","background-attachment":"scroll","background-type":"","background-media":"","overlay-type":"","overlay-color":"","overlay-opacity":"","overlay-gradient":""}}},"product_brand":[],"product_cat":[15],"product_tag":[],"class_list":{"0":"post-15505","1":"product","2":"type-product","3":"status-publish","4":"has-post-thumbnail","6":"product_cat-non-classe","7":"pa_couleur-black-ash","8":"pa_couleur-black-jade","9":"pa_couleur-charm-tofu","10":"pa_couleur-cosmo-clay","11":"pa_couleur-noir-bleu","12":"pa_couleur-noir-rose","13":"pa_taille-l","14":"pa_taille-m","15":"pa_taille-s","16":"pa_taille-xl","17":"pa_taille-xs","18":"desktop-align-left","19":"tablet-align-left","20":"mobile-align-left","22":"first","23":"outofstock","24":"shipping-taxable","25":"purchasable","26":"product-type-variable"},"_links":{"self":[{"href":"https:\/\/test16.wptotem.com\/fr\/wp-json\/wp\/v2\/product\/15505","targetHints":{"allow":["GET"]}}],"collection":[{"href":"https:\/\/test16.wptotem.com\/fr\/wp-json\/wp\/v2\/product"}],"about":[{"href":"https:\/\/test16.wptotem.com\/fr\/wp-json\/wp\/v2\/types\/product"}],"replies":[{"embeddable":true,"href":"https:\/\/test16.wptotem.com\/fr\/wp-json\/wp\/v2\/comments?post=15505"}],"wp:featuredmedia":[{"embeddable":true,"href":"https:\/\/test16.wptotem.com\/fr\/wp-json\/wp\/v2\/media\/15506"}],"wp:attachment":[{"href":"https:\/\/test16.wptotem.com\/fr\/wp-json\/wp\/v2\/media?parent=15505"}],"wp:term":[{"taxonomy":"product_brand","embeddable":true,"href":"https:\/\/test16.wptotem.com\/fr\/wp-json\/wp\/v2\/product_brand?post=15505"},{"taxonomy":"product_cat","embeddable":true,"href":"https:\/\/test16.wptotem.com\/fr\/wp-json\/wp\/v2\/product_cat?post=15505"},{"taxonomy":"product_tag","embeddable":true,"href":"https:\/\/test16.wptotem.com\/fr\/wp-json\/wp\/v2\/product_tag?post=15505"}],"curies":[{"name":"wp","href":"https:\/\/api.w.org\/{rel}","templated":true}]}}