{"id":15431,"date":"2025-06-02T00:04:37","date_gmt":"2025-06-01T22:04:37","guid":{"rendered":"https:\/\/test16.wptotem.com\/produit\/casque-de-ski-jackson-mips\/"},"modified":"2025-06-02T00:04:50","modified_gmt":"2025-06-01T22:04:50","slug":"casque-de-ski-jackson-mips","status":"publish","type":"product","link":"https:\/\/test16.wptotem.com\/fr\/produit\/casque-de-ski-jackson-mips\/","title":{"rendered":"Casque de Ski &#8211; JACKSON MIPS"},"content":{"rendered":"<p>Les casques Jackson MIPS marquent un pas en avant dans la performance et les attributs fonctionnels des casques de ski et de snowboard. Ce sont des casques qui proposent une \u00e9volution importante en mati\u00e8re de conception et de style, un profil de casques modernes aux volumes r\u00e9duits avec de des tr\u00e8s belles finitions. Le nouveau Passive Aggressive Venting SystemT, discret et haut de gamme, auto r\u00e9gule efficacement le flux de la ventilation et la temp\u00e9rature interne. Les Jackson disposent aussi de la technologie MIPS, doublure Polartec, d&#8217;une construction ultral\u00e9g\u00e8re et du syst\u00e8me de r\u00e9glage Inform 2 SystemT permettant une adaptation tr\u00e8s confortable pour tracer sur les plus belles pentes dans les meilleures conditions.<\/p>","protected":false},"excerpt":{"rendered":"<p>Les casques Jackson MIPS marquent un pas en avant dans la performance et les attributs fonctionnels des casques de ski et de snowboard. Ce sont des casques qui <\/p>","protected":false},"featured_media":15432,"comment_status":"open","ping_status":"closed","template":"","meta":{"site-sidebar-layout":"default","site-content-layout":"","ast-site-content-layout":"default","site-content-style":"default","site-sidebar-style":"default","ast-global-header-display":"","ast-banner-title-visibility":"","ast-main-header-display":"","ast-hfb-above-header-display":"","ast-hfb-below-header-display":"","ast-hfb-mobile-header-display":"","site-post-title":"","ast-breadcrumbs-content":"","ast-featured-img":"","footer-sml-layout":"","ast-disable-related-posts":"","theme-transparent-header-meta":"","adv-header-id-meta":"","stick-header-meta":"","header-above-stick-meta":"","header-main-stick-meta":"","header-below-stick-meta":"","astra-migrate-meta-layouts":"default","ast-page-background-enabled":"default","ast-page-background-meta":{"desktop":{"background-color":"var(--ast-global-color-5)","background-image":"","background-repeat":"repeat","background-position":"center center","background-size":"auto","background-attachment":"scroll","background-type":"","background-media":"","overlay-type":"","overlay-color":"","overlay-opacity":"","overlay-gradient":""},"tablet":{"background-color":"","background-image":"","background-repeat":"repeat","background-position":"center center","background-size":"auto","background-attachment":"scroll","background-type":"","background-media":"","overlay-type":"","overlay-color":"","overlay-opacity":"","overlay-gradient":""},"mobile":{"background-color":"","background-image":"","background-repeat":"repeat","background-position":"center center","background-size":"auto","background-attachment":"scroll","background-type":"","background-media":"","overlay-type":"","overlay-color":"","overlay-opacity":"","overlay-gradient":""}},"ast-content-background-meta":{"desktop":{"background-color":"var(--ast-global-color-4)","background-image":"","background-repeat":"repeat","background-position":"center center","background-size":"auto","background-attachment":"scroll","background-type":"","background-media":"","overlay-type":"","overlay-color":"","overlay-opacity":"","overlay-gradient":""},"tablet":{"background-color":"var(--ast-global-color-4)","background-image":"","background-repeat":"repeat","background-position":"center center","background-size":"auto","background-attachment":"scroll","background-type":"","background-media":"","overlay-type":"","overlay-color":"","overlay-opacity":"","overlay-gradient":""},"mobile":{"background-color":"var(--ast-global-color-4)","background-image":"","background-repeat":"repeat","background-position":"center center","background-size":"auto","background-attachment":"scroll","background-type":"","background-media":"","overlay-type":"","overlay-color":"","overlay-opacity":"","overlay-gradient":""}}},"product_brand":[],"product_cat":[15],"product_tag":[],"class_list":{"0":"post-15431","1":"product","2":"type-product","3":"status-publish","4":"has-post-thumbnail","6":"product_cat-non-classe","7":"pa_couleur-46","8":"pa_couleur-grey","9":"pa_couleur-matte-black","10":"pa_couleur-matte-bright-orange","11":"pa_couleur-matte-charcoal-pow","12":"pa_couleur-matte-grey-green","13":"pa_couleur-matte-harbor-blue","14":"pa_couleur-matte-nidnight","15":"pa_couleur-matte-ox-red","16":"pa_couleur-matte-trail-green","17":"pa_couleur-matte-well-green","18":"pa_couleur-metallic-coal-tan","19":"pa_taille-l","20":"pa_taille-m","21":"pa_taille-s","22":"pa_taille-xl","23":"desktop-align-left","24":"tablet-align-left","25":"mobile-align-left","27":"first","28":"outofstock","29":"shipping-taxable","30":"purchasable","31":"product-type-variable"},"_links":{"self":[{"href":"https:\/\/test16.wptotem.com\/fr\/wp-json\/wp\/v2\/product\/15431","targetHints":{"allow":["GET"]}}],"collection":[{"href":"https:\/\/test16.wptotem.com\/fr\/wp-json\/wp\/v2\/product"}],"about":[{"href":"https:\/\/test16.wptotem.com\/fr\/wp-json\/wp\/v2\/types\/product"}],"replies":[{"embeddable":true,"href":"https:\/\/test16.wptotem.com\/fr\/wp-json\/wp\/v2\/comments?post=15431"}],"wp:featuredmedia":[{"embeddable":true,"href":"https:\/\/test16.wptotem.com\/fr\/wp-json\/wp\/v2\/media\/15432"}],"wp:attachment":[{"href":"https:\/\/test16.wptotem.com\/fr\/wp-json\/wp\/v2\/media?parent=15431"}],"wp:term":[{"taxonomy":"product_brand","embeddable":true,"href":"https:\/\/test16.wptotem.com\/fr\/wp-json\/wp\/v2\/product_brand?post=15431"},{"taxonomy":"product_cat","embeddable":true,"href":"https:\/\/test16.wptotem.com\/fr\/wp-json\/wp\/v2\/product_cat?post=15431"},{"taxonomy":"product_tag","embeddable":true,"href":"https:\/\/test16.wptotem.com\/fr\/wp-json\/wp\/v2\/product_tag?post=15431"}],"curies":[{"name":"wp","href":"https:\/\/api.w.org\/{rel}","templated":true}]}}