{"id":15398,"date":"2025-06-02T00:04:00","date_gmt":"2025-06-01T22:04:00","guid":{"rendered":"https:\/\/test16.wptotem.com\/produit\/set-de-ski-cloud-select-x12-tl-gw\/"},"modified":"2025-06-02T00:04:03","modified_gmt":"2025-06-01T22:04:03","slug":"set-de-ski-cloud-select-x12-tl-gw","status":"publish","type":"product","link":"https:\/\/test16.wptotem.com\/fr\/produit\/set-de-ski-cloud-select-x12-tl-gw\/","title":{"rendered":"Set de Ski CLOUD SELECT + X12 TL GW"},"content":{"rendered":"<p>Notre nouveau Cloud 12 est aussi esth\u00e9tique que performant. Ce mod\u00e8le, qui vient compl\u00e9ter notre gamme Cloud tr\u00e8s pris\u00e9e, poss\u00e8de la m\u00eame technologie Atomic que nos skis de course Redster, et notamment notre innovation pour la Coupe du monde : la technologie Servotec. Elle agit sur les skis comme une direction assist\u00e9e en renfor\u00e7ant son agilit\u00e9 dans les virages et sa stabilit\u00e9 dans les lignes droites \u00e0 haute vitesse. Puissance, performance, \u00e9l\u00e9gance : le ski parfait pour les reines de la piste qui skient en confiance et \u00e0 grande vitesse.<\/p>","protected":false},"excerpt":{"rendered":"<p>Notre nouveau Cloud 12 est aussi esth\u00e9tique que performant. Ce mod\u00e8le, qui vient compl\u00e9ter notre gamme Cloud tr\u00e8s pris\u00e9e, poss\u00e8de la m\u00eame technologie Atomic que<\/p>","protected":false},"featured_media":15399,"comment_status":"open","ping_status":"closed","template":"","meta":{"site-sidebar-layout":"default","site-content-layout":"","ast-site-content-layout":"default","site-content-style":"default","site-sidebar-style":"default","ast-global-header-display":"","ast-banner-title-visibility":"","ast-main-header-display":"","ast-hfb-above-header-display":"","ast-hfb-below-header-display":"","ast-hfb-mobile-header-display":"","site-post-title":"","ast-breadcrumbs-content":"","ast-featured-img":"","footer-sml-layout":"","ast-disable-related-posts":"","theme-transparent-header-meta":"","adv-header-id-meta":"","stick-header-meta":"","header-above-stick-meta":"","header-main-stick-meta":"","header-below-stick-meta":"","astra-migrate-meta-layouts":"default","ast-page-background-enabled":"default","ast-page-background-meta":{"desktop":{"background-color":"var(--ast-global-color-5)","background-image":"","background-repeat":"repeat","background-position":"center center","background-size":"auto","background-attachment":"scroll","background-type":"","background-media":"","overlay-type":"","overlay-color":"","overlay-opacity":"","overlay-gradient":""},"tablet":{"background-color":"","background-image":"","background-repeat":"repeat","background-position":"center center","background-size":"auto","background-attachment":"scroll","background-type":"","background-media":"","overlay-type":"","overlay-color":"","overlay-opacity":"","overlay-gradient":""},"mobile":{"background-color":"","background-image":"","background-repeat":"repeat","background-position":"center center","background-size":"auto","background-attachment":"scroll","background-type":"","background-media":"","overlay-type":"","overlay-color":"","overlay-opacity":"","overlay-gradient":""}},"ast-content-background-meta":{"desktop":{"background-color":"var(--ast-global-color-4)","background-image":"","background-repeat":"repeat","background-position":"center center","background-size":"auto","background-attachment":"scroll","background-type":"","background-media":"","overlay-type":"","overlay-color":"","overlay-opacity":"","overlay-gradient":""},"tablet":{"background-color":"var(--ast-global-color-4)","background-image":"","background-repeat":"repeat","background-position":"center center","background-size":"auto","background-attachment":"scroll","background-type":"","background-media":"","overlay-type":"","overlay-color":"","overlay-opacity":"","overlay-gradient":""},"mobile":{"background-color":"var(--ast-global-color-4)","background-image":"","background-repeat":"repeat","background-position":"center center","background-size":"auto","background-attachment":"scroll","background-type":"","background-media":"","overlay-type":"","overlay-color":"","overlay-opacity":"","overlay-gradient":""}}},"product_brand":[],"product_cat":[15],"product_tag":[],"class_list":{"0":"post-15398","1":"product","2":"type-product","3":"status-publish","4":"has-post-thumbnail","6":"product_cat-non-classe","7":"pa_couleur-noir","8":"pa_couleur-white","9":"pa_taille-615","10":"pa_taille-613","11":"pa_taille-614","12":"desktop-align-left","13":"tablet-align-left","14":"mobile-align-left","16":"first","17":"outofstock","18":"shipping-taxable","19":"purchasable","20":"product-type-variable"},"_links":{"self":[{"href":"https:\/\/test16.wptotem.com\/fr\/wp-json\/wp\/v2\/product\/15398","targetHints":{"allow":["GET"]}}],"collection":[{"href":"https:\/\/test16.wptotem.com\/fr\/wp-json\/wp\/v2\/product"}],"about":[{"href":"https:\/\/test16.wptotem.com\/fr\/wp-json\/wp\/v2\/types\/product"}],"replies":[{"embeddable":true,"href":"https:\/\/test16.wptotem.com\/fr\/wp-json\/wp\/v2\/comments?post=15398"}],"wp:featuredmedia":[{"embeddable":true,"href":"https:\/\/test16.wptotem.com\/fr\/wp-json\/wp\/v2\/media\/15399"}],"wp:attachment":[{"href":"https:\/\/test16.wptotem.com\/fr\/wp-json\/wp\/v2\/media?parent=15398"}],"wp:term":[{"taxonomy":"product_brand","embeddable":true,"href":"https:\/\/test16.wptotem.com\/fr\/wp-json\/wp\/v2\/product_brand?post=15398"},{"taxonomy":"product_cat","embeddable":true,"href":"https:\/\/test16.wptotem.com\/fr\/wp-json\/wp\/v2\/product_cat?post=15398"},{"taxonomy":"product_tag","embeddable":true,"href":"https:\/\/test16.wptotem.com\/fr\/wp-json\/wp\/v2\/product_tag?post=15398"}],"curies":[{"name":"wp","href":"https:\/\/api.w.org\/{rel}","templated":true}]}}