{"id":15459,"date":"2025-06-02T00:04:59","date_gmt":"2025-06-01T22:04:59","guid":{"rendered":"https:\/\/test16.wptotem.com\/produit\/casque-de-ski-avera-mips\/"},"modified":"2025-06-02T00:05:12","modified_gmt":"2025-06-01T22:05:12","slug":"casque-de-ski-avera-mips","status":"publish","type":"product","link":"https:\/\/test16.wptotem.com\/es\/produit\/casque-de-ski-avera-mips\/","title":{"rendered":"Casque de Ski &#8211; AVERA MIPS"},"content":{"rendered":"<p>Le casque AveraT MIPS est la nouvelle r\u00e9f\u00e9rence dans la gamme de casques Giro et d\u00e9j\u00e0 un favori. Inspir\u00e9es de paysages de montagne et de courbes \u00e9l\u00e9gantes et douces, les lignes de design originales de l&#8217;AveraT offrent une identit\u00e9 visuelle unique en son genre et relient entre eux les deux composants en polycarbonate du casque. L&#8217;AveraT b\u00e9n\u00e9ficie d&#8217;une construction In-Mold l\u00e9g\u00e8re et dispose de l&#8217;assise \u00e9prouv\u00e9e du syst\u00e8me In FormT Fit avec possibilit\u00e9 de r\u00e9glage horizontal et vertical. Le thermostat ControlT permet de r\u00e9gler l&#8217;a\u00e9ration en cours de route et la ventilation Stack Vent emp\u00eache la formation de bu\u00e9e sur le masque. Le Multi-directional Impact Protection System (MIPS) d\u00e9vie les forces de rotation en cas de chute et r\u00e9duit ainsi le risque de l\u00e9sions c\u00e9r\u00e9brales graves. L&#8217;AveraT garantit un ajustement parfait, le doux confort de la peluche et la protection suppl\u00e9mentaire requise pour faire face \u00e0 toutes les conditions et tous les types de terrain.<\/p>","protected":false},"excerpt":{"rendered":"<p>Le casque AveraT MIPS est la nouvelle r\u00e9f\u00e9rence dans la gamme de casques Giro et d\u00e9j\u00e0 un favori. Inspir\u00e9es de paysages de montagne et de courbes \u00e9l\u00e9gantes et do<\/p>","protected":false},"featured_media":15460,"comment_status":"open","ping_status":"closed","template":"","meta":{"site-sidebar-layout":"default","site-content-layout":"","ast-site-content-layout":"default","site-content-style":"default","site-sidebar-style":"default","ast-global-header-display":"","ast-banner-title-visibility":"","ast-main-header-display":"","ast-hfb-above-header-display":"","ast-hfb-below-header-display":"","ast-hfb-mobile-header-display":"","site-post-title":"","ast-breadcrumbs-content":"","ast-featured-img":"","footer-sml-layout":"","ast-disable-related-posts":"","theme-transparent-header-meta":"","adv-header-id-meta":"","stick-header-meta":"","header-above-stick-meta":"","header-main-stick-meta":"","header-below-stick-meta":"","astra-migrate-meta-layouts":"default","ast-page-background-enabled":"default","ast-page-background-meta":{"desktop":{"background-color":"var(--ast-global-color-5)","background-image":"","background-repeat":"repeat","background-position":"center center","background-size":"auto","background-attachment":"scroll","background-type":"","background-media":"","overlay-type":"","overlay-color":"","overlay-opacity":"","overlay-gradient":""},"tablet":{"background-color":"","background-image":"","background-repeat":"repeat","background-position":"center center","background-size":"auto","background-attachment":"scroll","background-type":"","background-media":"","overlay-type":"","overlay-color":"","overlay-opacity":"","overlay-gradient":""},"mobile":{"background-color":"","background-image":"","background-repeat":"repeat","background-position":"center center","background-size":"auto","background-attachment":"scroll","background-type":"","background-media":"","overlay-type":"","overlay-color":"","overlay-opacity":"","overlay-gradient":""}},"ast-content-background-meta":{"desktop":{"background-color":"var(--ast-global-color-4)","background-image":"","background-repeat":"repeat","background-position":"center center","background-size":"auto","background-attachment":"scroll","background-type":"","background-media":"","overlay-type":"","overlay-color":"","overlay-opacity":"","overlay-gradient":""},"tablet":{"background-color":"var(--ast-global-color-4)","background-image":"","background-repeat":"repeat","background-position":"center center","background-size":"auto","background-attachment":"scroll","background-type":"","background-media":"","overlay-type":"","overlay-color":"","overlay-opacity":"","overlay-gradient":""},"mobile":{"background-color":"var(--ast-global-color-4)","background-image":"","background-repeat":"repeat","background-position":"center center","background-size":"auto","background-attachment":"scroll","background-type":"","background-media":"","overlay-type":"","overlay-color":"","overlay-opacity":"","overlay-gradient":""}}},"product_brand":[],"product_cat":[15],"product_tag":[],"class_list":{"0":"post-15459","1":"product","2":"type-product","3":"status-publish","4":"has-post-thumbnail","6":"product_cat-non-classe","7":"pa_couleur-46","8":"pa_couleur-grey","9":"pa_couleur-matt-black-dark-matter","10":"pa_couleur-matte-ano-harbor-blue","11":"pa_couleur-matte-black","12":"pa_couleur-matte-black-bright-pink","13":"pa_couleur-matte-lilac","14":"pa_couleur-matte-pink-street-urchin","15":"pa_couleur-matte-teal","16":"pa_couleur-matte-white","17":"pa_couleur-metallic-coal-cool-breeze","18":"pa_couleur-powder-blue","19":"pa_taille-m","20":"pa_taille-s","21":"pa_taille-xxxxs","22":"desktop-align-left","23":"tablet-align-left","24":"mobile-align-left","26":"first","27":"outofstock","28":"shipping-taxable","29":"purchasable","30":"product-type-variable"},"_links":{"self":[{"href":"https:\/\/test16.wptotem.com\/es\/wp-json\/wp\/v2\/product\/15459","targetHints":{"allow":["GET"]}}],"collection":[{"href":"https:\/\/test16.wptotem.com\/es\/wp-json\/wp\/v2\/product"}],"about":[{"href":"https:\/\/test16.wptotem.com\/es\/wp-json\/wp\/v2\/types\/product"}],"replies":[{"embeddable":true,"href":"https:\/\/test16.wptotem.com\/es\/wp-json\/wp\/v2\/comments?post=15459"}],"wp:featuredmedia":[{"embeddable":true,"href":"https:\/\/test16.wptotem.com\/es\/wp-json\/wp\/v2\/media\/15460"}],"wp:attachment":[{"href":"https:\/\/test16.wptotem.com\/es\/wp-json\/wp\/v2\/media?parent=15459"}],"wp:term":[{"taxonomy":"product_brand","embeddable":true,"href":"https:\/\/test16.wptotem.com\/es\/wp-json\/wp\/v2\/product_brand?post=15459"},{"taxonomy":"product_cat","embeddable":true,"href":"https:\/\/test16.wptotem.com\/es\/wp-json\/wp\/v2\/product_cat?post=15459"},{"taxonomy":"product_tag","embeddable":true,"href":"https:\/\/test16.wptotem.com\/es\/wp-json\/wp\/v2\/product_tag?post=15459"}],"curies":[{"name":"wp","href":"https:\/\/api.w.org\/{rel}","templated":true}]}}