{"id":15912,"date":"2025-08-13T17:32:26","date_gmt":"2025-08-13T15:32:26","guid":{"rendered":"https:\/\/test16.wptotem.com\/?page_id=15912"},"modified":"2025-08-13T17:45:55","modified_gmt":"2025-08-13T15:45:55","slug":"tpe","status":"publish","type":"page","link":"https:\/\/test16.wptotem.com\/es\/tpe\/","title":{"rendered":"test pelin ecran"},"content":{"rendered":"<div data-elementor-type=\"wp-page\" data-elementor-id=\"15912\" class=\"elementor elementor-15912\" data-elementor-post-type=\"page\">\n\t\t\t\t<div class=\"elementor-element elementor-element-b54d782 e-flex e-con-boxed e-con e-parent\" data-id=\"b54d782\" data-element_type=\"container\">\n\t\t\t\t\t<div class=\"e-con-inner\">\n\t\t\t\t<div class=\"elementor-element elementor-element-21e6c0d elementor-widget elementor-widget-image\" data-id=\"21e6c0d\" data-element_type=\"widget\" id=\"fs-toggle\" data-widget_type=\"image.default\">\n\t\t\t\t<div class=\"elementor-widget-container\">\n\t\t\t\t\t\t\t\t\t\t\t\t\t\t\t<img decoding=\"async\" width=\"300\" height=\"137\" src=\"https:\/\/test16.wptotem.com\/wp-content\/uploads\/2025\/06\/WOW_NAUTICUS_moc-1-300x137.png\" class=\"attachment-medium size-medium wp-image-15599\" alt=\"\" srcset=\"https:\/\/test16.wptotem.com\/wp-content\/uploads\/2025\/06\/WOW_NAUTICUS_moc-1-300x137.png 300w, https:\/\/test16.wptotem.com\/wp-content\/uploads\/2025\/06\/WOW_NAUTICUS_moc-1-scaled-600x274.png 600w, https:\/\/test16.wptotem.com\/wp-content\/uploads\/2025\/06\/WOW_NAUTICUS_moc-1-1024x468.png 1024w, https:\/\/test16.wptotem.com\/wp-content\/uploads\/2025\/06\/WOW_NAUTICUS_moc-1-768x351.png 768w, https:\/\/test16.wptotem.com\/wp-content\/uploads\/2025\/06\/WOW_NAUTICUS_moc-1-1536x701.png 1536w, https:\/\/test16.wptotem.com\/wp-content\/uploads\/2025\/06\/WOW_NAUTICUS_moc-1-2048x935.png 2048w\" sizes=\"(max-width: 300px) 100vw, 300px\" \/>\t\t\t\t\t\t\t\t\t\t\t\t\t\t\t<\/div>\n\t\t\t\t<\/div>\n\t\t<div class=\"elementor-element elementor-element-7d58e40 e-grid e-con-full e-con e-child\" data-id=\"7d58e40\" data-element_type=\"container\">\n\t\t\t\t<div class=\"elementor-element elementor-element-c1e981a elementor-widget elementor-widget-image\" data-id=\"c1e981a\" data-element_type=\"widget\" data-widget_type=\"image.default\">\n\t\t\t\t<div class=\"elementor-widget-container\">\n\t\t\t\t\t\t\t\t\t\t\t\t\t\t\t<img fetchpriority=\"high\" decoding=\"async\" width=\"1024\" height=\"468\" src=\"https:\/\/test16.wptotem.com\/wp-content\/uploads\/2025\/06\/WOW_NAUTICUS_moc-1-1024x468.png\" class=\"attachment-large size-large wp-image-15599\" alt=\"\" srcset=\"https:\/\/test16.wptotem.com\/wp-content\/uploads\/2025\/06\/WOW_NAUTICUS_moc-1-1024x468.png 1024w, https:\/\/test16.wptotem.com\/wp-content\/uploads\/2025\/06\/WOW_NAUTICUS_moc-1-scaled-600x274.png 600w, https:\/\/test16.wptotem.com\/wp-content\/uploads\/2025\/06\/WOW_NAUTICUS_moc-1-300x137.png 300w, https:\/\/test16.wptotem.com\/wp-content\/uploads\/2025\/06\/WOW_NAUTICUS_moc-1-768x351.png 768w, https:\/\/test16.wptotem.com\/wp-content\/uploads\/2025\/06\/WOW_NAUTICUS_moc-1-1536x701.png 1536w, https:\/\/test16.wptotem.com\/wp-content\/uploads\/2025\/06\/WOW_NAUTICUS_moc-1-2048x935.png 2048w\" sizes=\"(max-width: 1024px) 100vw, 1024px\" \/>\t\t\t\t\t\t\t\t\t\t\t\t\t\t\t<\/div>\n\t\t\t\t<\/div>\n\t\t\t\t<div class=\"elementor-element elementor-element-1785e3b elementor-widget elementor-widget-image\" data-id=\"1785e3b\" data-element_type=\"widget\" data-widget_type=\"image.default\">\n\t\t\t\t<div class=\"elementor-widget-container\">\n\t\t\t\t\t\t\t\t\t\t\t\t\t\t\t<img fetchpriority=\"high\" decoding=\"async\" width=\"1024\" height=\"468\" src=\"https:\/\/test16.wptotem.com\/wp-content\/uploads\/2025\/06\/WOW_NAUTICUS_moc-1-1024x468.png\" class=\"attachment-large size-large wp-image-15599\" alt=\"\" srcset=\"https:\/\/test16.wptotem.com\/wp-content\/uploads\/2025\/06\/WOW_NAUTICUS_moc-1-1024x468.png 1024w, https:\/\/test16.wptotem.com\/wp-content\/uploads\/2025\/06\/WOW_NAUTICUS_moc-1-scaled-600x274.png 600w, https:\/\/test16.wptotem.com\/wp-content\/uploads\/2025\/06\/WOW_NAUTICUS_moc-1-300x137.png 300w, https:\/\/test16.wptotem.com\/wp-content\/uploads\/2025\/06\/WOW_NAUTICUS_moc-1-768x351.png 768w, https:\/\/test16.wptotem.com\/wp-content\/uploads\/2025\/06\/WOW_NAUTICUS_moc-1-1536x701.png 1536w, https:\/\/test16.wptotem.com\/wp-content\/uploads\/2025\/06\/WOW_NAUTICUS_moc-1-2048x935.png 2048w\" sizes=\"(max-width: 1024px) 100vw, 1024px\" \/>\t\t\t\t\t\t\t\t\t\t\t\t\t\t\t<\/div>\n\t\t\t\t<\/div>\n\t\t\t\t<div class=\"elementor-element elementor-element-6684003 elementor-widget elementor-widget-image\" data-id=\"6684003\" data-element_type=\"widget\" data-widget_type=\"image.default\">\n\t\t\t\t<div class=\"elementor-widget-container\">\n\t\t\t\t\t\t\t\t\t\t\t\t\t\t\t<img fetchpriority=\"high\" decoding=\"async\" width=\"1024\" height=\"468\" src=\"https:\/\/test16.wptotem.com\/wp-content\/uploads\/2025\/06\/WOW_NAUTICUS_moc-1-1024x468.png\" class=\"attachment-large size-large wp-image-15599\" alt=\"\" srcset=\"https:\/\/test16.wptotem.com\/wp-content\/uploads\/2025\/06\/WOW_NAUTICUS_moc-1-1024x468.png 1024w, https:\/\/test16.wptotem.com\/wp-content\/uploads\/2025\/06\/WOW_NAUTICUS_moc-1-scaled-600x274.png 600w, https:\/\/test16.wptotem.com\/wp-content\/uploads\/2025\/06\/WOW_NAUTICUS_moc-1-300x137.png 300w, https:\/\/test16.wptotem.com\/wp-content\/uploads\/2025\/06\/WOW_NAUTICUS_moc-1-768x351.png 768w, https:\/\/test16.wptotem.com\/wp-content\/uploads\/2025\/06\/WOW_NAUTICUS_moc-1-1536x701.png 1536w, https:\/\/test16.wptotem.com\/wp-content\/uploads\/2025\/06\/WOW_NAUTICUS_moc-1-2048x935.png 2048w\" sizes=\"(max-width: 1024px) 100vw, 1024px\" \/>\t\t\t\t\t\t\t\t\t\t\t\t\t\t\t<\/div>\n\t\t\t\t<\/div>\n\t\t\t\t<div class=\"elementor-element elementor-element-1c1c8f9 elementor-widget elementor-widget-html\" data-id=\"1c1c8f9\" data-element_type=\"widget\" data-widget_type=\"html.default\">\n\t\t\t\t<div class=\"elementor-widget-container\">\n\t\t\t\t\t<script>\r\ndocument.addEventListener(\"DOMContentLoaded\", function () {\r\n  \/\/ \u00c9l\u00e9ment \u00e0 cliquer (le widget Image)\r\n  const el = document.getElementById(\"fs-toggle\");\r\n  if (!el) return;\r\n\r\n  \/\/ \u00c9l\u00e9ment \u00e0 mettre en plein \u00e9cran : la page enti\u00e8re ou une section cibl\u00e9e\r\n  const target = document.getElementById(\"fs-target\") || document.documentElement;\r\n\r\n  \/\/ Compatibilit\u00e9 Safari\r\n  const reqFS = target.requestFullscreen || target.webkitRequestFullscreen;\r\n  const exitFS = document.exitFullscreen || document.webkitExitFullscreen;\r\n\r\n  const isFullscreen = () =>\r\n    !!(document.fullscreenElement || document.webkitFullscreenElement);\r\n\r\n  \/\/ Si l'ID est pos\u00e9 sur le conteneur du widget, on r\u00e9cup\u00e8re l'<img>\r\n  const img = el.querySelector(\"img\") || el;\r\n\r\n  \/\/ Accessibilit\u00e9 & UX\r\n  el.style.cursor = \"pointer\";\r\n  el.setAttribute(\"role\", \"button\");\r\n  el.setAttribute(\"tabindex\", \"0\");\r\n\r\n  \/\/ (Optionnel) changer l'image\/tooltip selon l'\u00e9tat \u2014 n\u00e9cessite Elementor Pro (attributs personnalis\u00e9s)\r\n  \/\/ Ajoutez sur l'image :\r\n  \/\/ data-src-on=\"URL_icone_quitter.png\"  (\u00e9tat plein \u00e9cran)\r\n  \/\/ data-src-off=\"URL_icone_plein_ecran.png\" (\u00e9tat normal)\r\n  \/\/ data-title-on=\"Quitter le plein \u00e9cran\"\r\n  \/\/ data-title-off=\"Passer en plein \u00e9cran\"\r\n  const updateVisual = () => {\r\n    const onSrc = img.getAttribute(\"data-src-on\");\r\n    const offSrc = img.getAttribute(\"data-src-off\");\r\n    const onTitle = img.getAttribute(\"data-title-on\") || \"Quitter le plein \u00e9cran\";\r\n    const offTitle = img.getAttribute(\"data-title-off\") || \"Passer en plein \u00e9cran\";\r\n    if (onSrc && offSrc) img.src = isFullscreen() ? onSrc : offSrc;\r\n    img.title = isFullscreen() ? onTitle : offTitle;\r\n    img.setAttribute(\"aria-pressed\", isFullscreen() ? \"true\" : \"false\");\r\n  };\r\n\r\n  const toggle = (e) => {\r\n    e.preventDefault();\r\n    if (!isFullscreen()) {\r\n      if (reqFS) reqFS.call(target).catch(console.error);\r\n    } else {\r\n      if (exitFS) exitFS.call(document).catch(console.error);\r\n    }\r\n  };\r\n\r\n  el.addEventListener(\"click\", toggle);\r\n  el.addEventListener(\"keydown\", (e) => {\r\n    if (e.key === \"Enter\" || e.key === \" \") { e.preventDefault(); toggle(e); }\r\n  });\r\n  document.addEventListener(\"fullscreenchange\", updateVisual);\r\n  document.addEventListener(\"webkitfullscreenchange\", updateVisual);\r\n  updateVisual();\r\n});\r\n<\/script>\r\n\t\t\t\t<\/div>\n\t\t\t\t<\/div>\n\t\t\t\t<\/div>\n\t\t\t\t\t<\/div>\n\t\t\t\t<\/div>\n\t\t\t\t<\/div>","protected":false},"excerpt":{"rendered":"","protected":false},"author":1,"featured_media":0,"parent":0,"menu_order":0,"comment_status":"closed","ping_status":"closed","template":"elementor_canvas","meta":{"site-sidebar-layout":"default","site-content-layout":"","ast-site-content-layout":"default","site-content-style":"default","site-sidebar-style":"default","ast-global-header-display":"","ast-banner-title-visibility":"","ast-main-header-display":"","ast-hfb-above-header-display":"","ast-hfb-below-header-display":"","ast-hfb-mobile-header-display":"","site-post-title":"","ast-breadcrumbs-content":"","ast-featured-img":"","footer-sml-layout":"","ast-disable-related-posts":"","theme-transparent-header-meta":"","adv-header-id-meta":"","stick-header-meta":"","header-above-stick-meta":"","header-main-stick-meta":"","header-below-stick-meta":"","astra-migrate-meta-layouts":"default","ast-page-background-enabled":"default","ast-page-background-meta":{"desktop":{"background-color":"var(--ast-global-color-5)","background-image":"","background-repeat":"repeat","background-position":"center center","background-size":"auto","background-attachment":"scroll","background-type":"","background-media":"","overlay-type":"","overlay-color":"","overlay-opacity":"","overlay-gradient":""},"tablet":{"background-color":"","background-image":"","background-repeat":"repeat","background-position":"center center","background-size":"auto","background-attachment":"scroll","background-type":"","background-media":"","overlay-type":"","overlay-color":"","overlay-opacity":"","overlay-gradient":""},"mobile":{"background-color":"","background-image":"","background-repeat":"repeat","background-position":"center center","background-size":"auto","background-attachment":"scroll","background-type":"","background-media":"","overlay-type":"","overlay-color":"","overlay-opacity":"","overlay-gradient":""}},"ast-content-background-meta":{"desktop":{"background-color":"var(--ast-global-color-4)","background-image":"","background-repeat":"repeat","background-position":"center center","background-size":"auto","background-attachment":"scroll","background-type":"","background-media":"","overlay-type":"","overlay-color":"","overlay-opacity":"","overlay-gradient":""},"tablet":{"background-color":"var(--ast-global-color-4)","background-image":"","background-repeat":"repeat","background-position":"center center","background-size":"auto","background-attachment":"scroll","background-type":"","background-media":"","overlay-type":"","overlay-color":"","overlay-opacity":"","overlay-gradient":""},"mobile":{"background-color":"var(--ast-global-color-4)","background-image":"","background-repeat":"repeat","background-position":"center center","background-size":"auto","background-attachment":"scroll","background-type":"","background-media":"","overlay-type":"","overlay-color":"","overlay-opacity":"","overlay-gradient":""}},"footnotes":""},"class_list":["post-15912","page","type-page","status-publish","hentry"],"_links":{"self":[{"href":"https:\/\/test16.wptotem.com\/es\/wp-json\/wp\/v2\/pages\/15912","targetHints":{"allow":["GET"]}}],"collection":[{"href":"https:\/\/test16.wptotem.com\/es\/wp-json\/wp\/v2\/pages"}],"about":[{"href":"https:\/\/test16.wptotem.com\/es\/wp-json\/wp\/v2\/types\/page"}],"author":[{"embeddable":true,"href":"https:\/\/test16.wptotem.com\/es\/wp-json\/wp\/v2\/users\/1"}],"replies":[{"embeddable":true,"href":"https:\/\/test16.wptotem.com\/es\/wp-json\/wp\/v2\/comments?post=15912"}],"version-history":[{"count":0,"href":"https:\/\/test16.wptotem.com\/es\/wp-json\/wp\/v2\/pages\/15912\/revisions"}],"wp:attachment":[{"href":"https:\/\/test16.wptotem.com\/es\/wp-json\/wp\/v2\/media?parent=15912"}],"curies":[{"name":"wp","href":"https:\/\/api.w.org\/{rel}","templated":true}]}}