{"id":15486,"date":"2025-06-02T00:05:18","date_gmt":"2025-06-01T22:05:18","guid":{"rendered":"https:\/\/test16.wptotem.com\/produit\/casque-de-ski-neo-jr-mips\/"},"modified":"2025-06-02T00:05:26","modified_gmt":"2025-06-01T22:05:26","slug":"casque-de-ski-neo-jr-mips","status":"publish","type":"product","link":"https:\/\/test16.wptotem.com\/de\/produit\/casque-de-ski-neo-jr-mips\/","title":{"rendered":"Casque de Ski &#8211; NEO JR. MIPS"},"content":{"rendered":"<p>Le NeoT Jr. MIPS pr\u00e9sente un design vari\u00e9, offre un confort en toute l\u00e9g\u00e8ret\u00e9, un style adapt\u00e9 aux enfants et un Multi-directional Impact Protection System (MIPS), une surface plastique \u00e9lastique \u00e0 l&#8217;int\u00e9rieur du casque qui d\u00e9tourne l&#8217;\u00e9nergie de rotation en cas de chute, r\u00e9duisant ainsi le risque de l\u00e9sions c\u00e9r\u00e9brales graves. Le syst\u00e8me In FormT Fit assure une bonne tenue du casque et l&#8217;a\u00e9ration permet de r\u00e9guler le flux d&#8217;air pour emp\u00eacher la formation de bu\u00e9e sur les lunettes. Il n&#8217;est pas surprenant que le NeoT Jr. MIPS soit devenu l&#8217;un de nos casques pour enfants les plus appr\u00e9ci\u00e9s.<\/p>","protected":false},"excerpt":{"rendered":"<p>Le NeoT Jr. MIPS pr\u00e9sente un design vari\u00e9, offre un confort en toute l\u00e9g\u00e8ret\u00e9, un style adapt\u00e9 aux enfants et un Multi-directional Impact Protection System (MIP<\/p>","protected":false},"featured_media":15487,"comment_status":"open","ping_status":"closed","template":"","meta":{"site-sidebar-layout":"default","site-content-layout":"","ast-site-content-layout":"default","site-content-style":"default","site-sidebar-style":"default","ast-global-header-display":"","ast-banner-title-visibility":"","ast-main-header-display":"","ast-hfb-above-header-display":"","ast-hfb-below-header-display":"","ast-hfb-mobile-header-display":"","site-post-title":"","ast-breadcrumbs-content":"","ast-featured-img":"","footer-sml-layout":"","ast-disable-related-posts":"","theme-transparent-header-meta":"","adv-header-id-meta":"","stick-header-meta":"","header-above-stick-meta":"","header-main-stick-meta":"","header-below-stick-meta":"","astra-migrate-meta-layouts":"default","ast-page-background-enabled":"default","ast-page-background-meta":{"desktop":{"background-color":"var(--ast-global-color-5)","background-image":"","background-repeat":"repeat","background-position":"center center","background-size":"auto","background-attachment":"scroll","background-type":"","background-media":"","overlay-type":"","overlay-color":"","overlay-opacity":"","overlay-gradient":""},"tablet":{"background-color":"","background-image":"","background-repeat":"repeat","background-position":"center center","background-size":"auto","background-attachment":"scroll","background-type":"","background-media":"","overlay-type":"","overlay-color":"","overlay-opacity":"","overlay-gradient":""},"mobile":{"background-color":"","background-image":"","background-repeat":"repeat","background-position":"center center","background-size":"auto","background-attachment":"scroll","background-type":"","background-media":"","overlay-type":"","overlay-color":"","overlay-opacity":"","overlay-gradient":""}},"ast-content-background-meta":{"desktop":{"background-color":"var(--ast-global-color-4)","background-image":"","background-repeat":"repeat","background-position":"center center","background-size":"auto","background-attachment":"scroll","background-type":"","background-media":"","overlay-type":"","overlay-color":"","overlay-opacity":"","overlay-gradient":""},"tablet":{"background-color":"var(--ast-global-color-4)","background-image":"","background-repeat":"repeat","background-position":"center center","background-size":"auto","background-attachment":"scroll","background-type":"","background-media":"","overlay-type":"","overlay-color":"","overlay-opacity":"","overlay-gradient":""},"mobile":{"background-color":"var(--ast-global-color-4)","background-image":"","background-repeat":"repeat","background-position":"center center","background-size":"auto","background-attachment":"scroll","background-type":"","background-media":"","overlay-type":"","overlay-color":"","overlay-opacity":"","overlay-gradient":""}}},"product_brand":[],"product_cat":[15],"product_tag":[],"class_list":{"0":"post-15486","1":"product","2":"type-product","3":"status-publish","4":"has-post-thumbnail","6":"product_cat-non-classe","7":"pa_couleur-grey","8":"pa_couleur-matte-berry","9":"pa_couleur-matte-black","10":"pa_couleur-matte-bright-green","11":"pa_couleur-matte-bright-pink","12":"pa_couleur-matte-midnight-neon-lights","13":"pa_couleur-matte-shock-blue","14":"pa_taille-m","15":"pa_taille-s","16":"desktop-align-left","17":"tablet-align-left","18":"mobile-align-left","20":"first","21":"outofstock","22":"shipping-taxable","23":"purchasable","24":"product-type-variable"},"_links":{"self":[{"href":"https:\/\/test16.wptotem.com\/de\/wp-json\/wp\/v2\/product\/15486","targetHints":{"allow":["GET"]}}],"collection":[{"href":"https:\/\/test16.wptotem.com\/de\/wp-json\/wp\/v2\/product"}],"about":[{"href":"https:\/\/test16.wptotem.com\/de\/wp-json\/wp\/v2\/types\/product"}],"replies":[{"embeddable":true,"href":"https:\/\/test16.wptotem.com\/de\/wp-json\/wp\/v2\/comments?post=15486"}],"wp:featuredmedia":[{"embeddable":true,"href":"https:\/\/test16.wptotem.com\/de\/wp-json\/wp\/v2\/media\/15487"}],"wp:attachment":[{"href":"https:\/\/test16.wptotem.com\/de\/wp-json\/wp\/v2\/media?parent=15486"}],"wp:term":[{"taxonomy":"product_brand","embeddable":true,"href":"https:\/\/test16.wptotem.com\/de\/wp-json\/wp\/v2\/product_brand?post=15486"},{"taxonomy":"product_cat","embeddable":true,"href":"https:\/\/test16.wptotem.com\/de\/wp-json\/wp\/v2\/product_cat?post=15486"},{"taxonomy":"product_tag","embeddable":true,"href":"https:\/\/test16.wptotem.com\/de\/wp-json\/wp\/v2\/product_tag?post=15486"}],"curies":[{"name":"wp","href":"https:\/\/api.w.org\/{rel}","templated":true}]}}