{"id":15404,"date":"2025-06-02T00:04:09","date_gmt":"2025-06-01T22:04:09","guid":{"rendered":"https:\/\/test16.wptotem.com\/produit\/casque-sco-helmet-symbol-2-plus-d\/"},"modified":"2025-06-02T00:04:19","modified_gmt":"2025-06-01T22:04:19","slug":"casque-sco-helmet-symbol-2-plus-d","status":"publish","type":"product","link":"https:\/\/test16.wptotem.com\/de\/produit\/casque-sco-helmet-symbol-2-plus-d\/","title":{"rendered":"Casque SCO HELMET SYMBOL 2 PLUS D"},"content":{"rendered":"<p>Le casque SCOTT Symbol 2 Plus D est le nec plus ultra pour skier en toute s\u00e9curit\u00e9. Gr\u00e2ce aux inserts D3O\u00ae et au dispositif MIPS\u00ae, ce casque est la nouvelle r\u00e9f\u00e9rence en mati\u00e8re de protection contre les impacts \u00e0 basse, moyenne et haute vitesses. Enti\u00e8rement repens\u00e9e dans sa forme, cette seconde g\u00e9n\u00e9ration profite d&#8217;un profil beaucoup plus bas que son pr\u00e9d\u00e9cesseur et de nos prot\u00e8ge-oreilles 360\u00b0 Pure Sound, pour vous permettre de skier avec style et en toute s\u00e9curit\u00e9.<\/p>","protected":false},"excerpt":{"rendered":"<p>Le casque SCOTT Symbol 2 Plus D est le nec plus ultra pour skier en toute s\u00e9curit\u00e9. Gr\u00e2ce aux inserts D3O\u00ae et au dispositif MIPS\u00ae, ce casque est la nouvelle r\u00e9f<\/p>","protected":false},"featured_media":15405,"comment_status":"open","ping_status":"closed","template":"","meta":{"site-sidebar-layout":"default","site-content-layout":"","ast-site-content-layout":"default","site-content-style":"default","site-sidebar-style":"default","ast-global-header-display":"","ast-banner-title-visibility":"","ast-main-header-display":"","ast-hfb-above-header-display":"","ast-hfb-below-header-display":"","ast-hfb-mobile-header-display":"","site-post-title":"","ast-breadcrumbs-content":"","ast-featured-img":"","footer-sml-layout":"","ast-disable-related-posts":"","theme-transparent-header-meta":"","adv-header-id-meta":"","stick-header-meta":"","header-above-stick-meta":"","header-main-stick-meta":"","header-below-stick-meta":"","astra-migrate-meta-layouts":"default","ast-page-background-enabled":"default","ast-page-background-meta":{"desktop":{"background-color":"var(--ast-global-color-5)","background-image":"","background-repeat":"repeat","background-position":"center center","background-size":"auto","background-attachment":"scroll","background-type":"","background-media":"","overlay-type":"","overlay-color":"","overlay-opacity":"","overlay-gradient":""},"tablet":{"background-color":"","background-image":"","background-repeat":"repeat","background-position":"center center","background-size":"auto","background-attachment":"scroll","background-type":"","background-media":"","overlay-type":"","overlay-color":"","overlay-opacity":"","overlay-gradient":""},"mobile":{"background-color":"","background-image":"","background-repeat":"repeat","background-position":"center center","background-size":"auto","background-attachment":"scroll","background-type":"","background-media":"","overlay-type":"","overlay-color":"","overlay-opacity":"","overlay-gradient":""}},"ast-content-background-meta":{"desktop":{"background-color":"var(--ast-global-color-4)","background-image":"","background-repeat":"repeat","background-position":"center center","background-size":"auto","background-attachment":"scroll","background-type":"","background-media":"","overlay-type":"","overlay-color":"","overlay-opacity":"","overlay-gradient":""},"tablet":{"background-color":"var(--ast-global-color-4)","background-image":"","background-repeat":"repeat","background-position":"center center","background-size":"auto","background-attachment":"scroll","background-type":"","background-media":"","overlay-type":"","overlay-color":"","overlay-opacity":"","overlay-gradient":""},"mobile":{"background-color":"var(--ast-global-color-4)","background-image":"","background-repeat":"repeat","background-position":"center center","background-size":"auto","background-attachment":"scroll","background-type":"","background-media":"","overlay-type":"","overlay-color":"","overlay-opacity":"","overlay-gradient":""}}},"product_brand":[],"product_cat":[15],"product_tag":[],"class_list":{"0":"post-15404","1":"product","2":"type-product","3":"status-publish","4":"has-post-thumbnail","6":"product_cat-non-classe","7":"pa_couleur-aspen-blue","8":"pa_couleur-black","9":"pa_couleur-blue-nights","10":"pa_couleur-cloud-blue","11":"pa_couleur-dark-bronze","12":"pa_taille-l","13":"pa_taille-m-56-59","14":"pa_taille-s-53-56","15":"desktop-align-left","16":"tablet-align-left","17":"mobile-align-left","19":"first","20":"outofstock","21":"shipping-taxable","22":"purchasable","23":"product-type-variable"},"_links":{"self":[{"href":"https:\/\/test16.wptotem.com\/de\/wp-json\/wp\/v2\/product\/15404","targetHints":{"allow":["GET"]}}],"collection":[{"href":"https:\/\/test16.wptotem.com\/de\/wp-json\/wp\/v2\/product"}],"about":[{"href":"https:\/\/test16.wptotem.com\/de\/wp-json\/wp\/v2\/types\/product"}],"replies":[{"embeddable":true,"href":"https:\/\/test16.wptotem.com\/de\/wp-json\/wp\/v2\/comments?post=15404"}],"wp:featuredmedia":[{"embeddable":true,"href":"https:\/\/test16.wptotem.com\/de\/wp-json\/wp\/v2\/media\/15405"}],"wp:attachment":[{"href":"https:\/\/test16.wptotem.com\/de\/wp-json\/wp\/v2\/media?parent=15404"}],"wp:term":[{"taxonomy":"product_brand","embeddable":true,"href":"https:\/\/test16.wptotem.com\/de\/wp-json\/wp\/v2\/product_brand?post=15404"},{"taxonomy":"product_cat","embeddable":true,"href":"https:\/\/test16.wptotem.com\/de\/wp-json\/wp\/v2\/product_cat?post=15404"},{"taxonomy":"product_tag","embeddable":true,"href":"https:\/\/test16.wptotem.com\/de\/wp-json\/wp\/v2\/product_tag?post=15404"}],"curies":[{"name":"wp","href":"https:\/\/api.w.org\/{rel}","templated":true}]}}